{"id":13035,"date":"2021-03-10T10:22:22","date_gmt":"2021-03-10T09:22:22","guid":{"rendered":"https:\/\/www.smartcommunitiestech.it\/agenda\/"},"modified":"2022-07-20T17:33:22","modified_gmt":"2022-07-20T15:33:22","slug":"agenda-2021","status":"publish","type":"page","link":"https:\/\/www.smartcommunitiestech.it\/en\/agenda-2021\/","title":{"rendered":"Agenda 2021"},"content":{"rendered":"<div class=\"fusion-fullwidth fullwidth-box fusion-builder-row-1 fusion-flex-container nonhundred-percent-fullwidth non-hundred-percent-height-scrolling\" style=\"--awb-border-radius-top-left:0px;--awb-border-radius-top-right:0px;--awb-border-radius-bottom-right:0px;--awb-border-radius-bottom-left:0px;--awb-flex-wrap:wrap;\" ><div class=\"fusion-builder-row fusion-row fusion-flex-align-items-flex-start fusion-flex-content-wrap\" style=\"max-width:1619.76px;margin-left: calc(-2% \/ 2 );margin-right: calc(-2% \/ 2 );\"><div class=\"fusion-layout-column fusion_builder_column fusion-builder-column-0 fusion_builder_column_1_1 1_1 fusion-flex-column\" style=\"--awb-bg-size:cover;--awb-width-large:100%;--awb-margin-top-large:0px;--awb-spacing-right-large:0.98%;--awb-margin-bottom-large:0px;--awb-spacing-left-large:0.98%;--awb-width-medium:100%;--awb-spacing-right-medium:0.98%;--awb-spacing-left-medium:0.98%;--awb-width-small:100%;--awb-spacing-right-small:0.98%;--awb-spacing-left-small:0.98%;\"><div class=\"fusion-column-wrapper fusion-flex-justify-content-flex-start fusion-content-layout-column\"><div class=\"fusion-text fusion-text-1\"><h2 style=\"text-align: center;\">Digital Transformation of our Communities<\/h2>\n<p style=\"text-align: center;\"><strong>13 April 2021 &#8211; online<\/strong><\/p>\n<p>Digital technologies play a key role in the new context we are experiencing, becoming fundamental enablers for access to services, educational and professional continuity, management of social relations and free time.<\/p>\n<p>The conference offers reflection and discussion to understand how the digital transition has changed and is changing our communities and their needs, and to seize new opportunities from this changed scenario.<\/p>\n<h2 style=\"text-align: center;\">AGENDA<\/h2>\n<p style=\"text-align: center;\">09:00<br \/>\nLogin time<\/p>\n<p style=\"text-align: center;\">9:05<br \/>\n<strong>Welcome<\/strong><br \/>\nRodolfo Zich, Presidente Cluster SmartCommunities<\/p>\n<p style=\"text-align: center;\">09:10<br \/>\n<strong>Keynote speaker<br \/>\n<\/strong>Hazem Galal,\u00a0PwC\u2019s Cities and Local Government Global Leader<br \/>\nSmartCities beyond Covid-19<\/p>\n<p style=\"text-align: center;\">09:30<br \/>\n<strong>La Roadmap del Cluster per la ripresa e la resilienza del Paese<\/strong><em><br \/>\n<\/em>Laura Morgagni, Segretario Generale Cluster SmartCommunities<\/p>\n<p style=\"text-align: center;\">10:00<br \/>\n<span style=\"color: #2baadf;\"><b>SMART AND COLLABORATIVE MOBILITY<br \/>\n<\/b><\/span><\/p>\n<p style=\"text-align: center;\"><span style=\"color: #2baadf;\"><b>Keynote Speaker<br \/>\n<\/b><\/span><strong>Smart Mobility perspectives: added-value services, integrating both technologies and environmental\/societal requirements<\/strong><i><br \/>\n<\/i>Marc Charlet, General Manager NextMove, FR<i><br \/>\n<\/i><\/p>\n<p style=\"color: #2baadf; text-align: center;\"><strong>Pitch session<\/strong><\/p>\n<p style=\"text-align: center;\">SCENE: Smart Cities on the Edge Network Enhacement &#8211; Almaviva<br \/>\nLiveCar: la soluzione integrata per la mobilit\u00e0 &#8211; Cliotech<br \/>\nPlay&amp;Go: la comunit\u00e0 si mette in gioco per una mobilit\u00e0 pi\u00f9 sostenibile &#8211; Fondazione Bruno Kessler<br \/>\nMOBItaly: servizi di trasporto adattivi &#8211; LINKS Foundation<br \/>\nAiSee: reti neurali di computer vision per smart city &#8211;\u00a0Park Smart<br \/>\nI pagamenti nella smart mobility &#8211;\u00a0SIA<br \/>\nTRAFAIR: capire il traffico per migliorare la qualit\u00e0 dell&#8217;aria &#8211;\u00a0Universit\u00e0 di Modena e Reggio Emilia<br \/>\nProgetto 5G Genova &#8211;\u00a0Vodafone<\/p>\n<p style=\"text-align: center;\">11:20<br \/>\n<span style=\"color: #2e8c2b;\"><b>GOVERNMENT E DATA ECONOMY<br \/>\n<\/b><\/span><\/p>\n<p style=\"text-align: center;\"><span style=\"color: #2e8c2b;\"><b>Keynote Speaker<br \/>\n<\/b><\/span><strong>Building Blocks for Fair Data Economy<br \/>\n<\/strong>Marko Turpeinen, Founder and CEO 1001 LAKES, FI<\/p>\n<p style=\"color: #2e8c2b; text-align: center;\"><strong>Pitch session<\/strong><\/p>\n<p style=\"text-align: center;\">SOCIAL IES, piattaforma di servizi digitali per il welfare di comunit\u00e0 &#8211;\u00a0Circuito IES<br \/>\nLo sportello telematico polifunzionale integrato con catasto, protocollo e PagoPA &#8211;\u00a0Comune di Piacenza<br \/>\nLa citt\u00e0 dei dati: approccio e metodologie per la sostenibilit\u00e0 dei territori &#8211;\u00a0Dedagroup<br \/>\nLa transizione digitale ed energetica per il governo delle citt\u00e0 e dei territori &#8211;\u00a0ENEA<br \/>\nIl valore dei dati non \u00e8 solo economico &#8211;\u00a0Engineering<br \/>\nURBALYTICS: Space data for sustainable cities &#8211;\u00a0Latitudo40<br \/>\nRiportare il cittadino al centro per una Pubblica Amministrazione innovativa, semplice ed efficace &#8211;\u00a0Salesforce<br \/>\nIntelligent Decisioning Hub per una qualit\u00e0 della vita migliore in tutte le sue dimensioni &#8211;\u00a0SAS<br \/>\nContrattiPubblici.org: il motore di ricerca dei contratti pubblici italiani &#8211;\u00a0Synapta<br \/>\nSnap4City: aggregazione dati, data analytic e sviluppo di soluzioni smart &#8211;\u00a0Universit\u00e0 di Firenze<\/p>\n<p style=\"text-align: center;\">13:00<br \/>\nPausa pranzo<\/p>\n<p style=\"text-align: center;\">14:00<br \/>\n<strong>Keynote Speaker<\/strong><br \/>\n<strong>Behavioural Design for SmartCommunities<em><br \/>\n<\/em><\/strong>Sam Tatam, Global Consulting Partner, Ogilvy UK<\/p>\n<p style=\"text-align: center;\">14.20<br \/>\n<span style=\"color: #ff8c00;\"><b>PHYSICAL AND DIGITAL SECURITY<br \/>\n<\/b><\/span><\/p>\n<p style=\"text-align: center;\"><span style=\"color: #ff8c00;\"><b>Keynote Speaker<br \/>\n<\/b><\/span>Pietro Baratono,\u00a0Capo Dipartimento Infrastrutture, Ministero delle Infrastrutture e dei Trasporti<\/p>\n<p style=\"color: #ff8c00; text-align: center;\"><b>Pitch session<\/b><\/p>\n<p style=\"text-align: center;\">Innovazione nella previsione dei rischi idraulici per la sicurezza urbana &#8211;\u00a0Artys<br \/>\nLa valutazione del rischio infrastrutturale e il monitoraggio delle opere &#8211;\u00a0Builti<br \/>\nToNite: tecnologie, innovazione sociale e riqualificazione urbana per migliorare la sicurezza percepita &#8211;\u00a0Comune di Torino<br \/>\nTerra dei fuochi, strumenti di ascolto del cittadino e gestione della disinformazione &#8211;\u00a0expert.ai<br \/>\nMADI: sistema di Monitoraggio Automatico Dinamico e Integrato di Edifici e Infrastrutture &#8211;\u00a0GD Test<br \/>\nIntelligenza Artificiale per spazi resilienti: monitoraggio automatico del distanziamento sociale &#8211;\u00a0IIT<br \/>\nLa sicurezza urbana nella citt\u00e0 del futuro &#8211;\u00a0Intellegit<br \/>\nSensoristica innovativa per il monitoraggio delle infrastrutture strategiche &#8211;\u00a0SCAI Lab<br \/>\nGestione intelligente dei processi, etica e tecnologia per la sicurezza urbana &#8211;\u00a0Universit\u00e0 di Bari<\/p>\n<p style=\"text-align: center;\">16:00<br \/>\n<strong>Le comunit\u00e0 intelligenti nel PNRR<br \/>\n<\/strong>Cesare Avenia, Presidente Confindustria Digitale<br \/>\nLuca Bianchi, Direttore SVIMEZ<\/p>\n<p style=\"text-align: center;\">16:45<br \/>\n<strong>EU policy and funding opportunities<\/strong><br \/>\nAndrea Halmos, EU policy officer, Technologies for Smart Communities, DG Connect<\/p>\n<p style=\"text-align: center;\">17:00<br \/>\n<strong>Il piano di azione del Cluster<br \/>\n<\/strong>Barbara Pralio, Innovation Manager Cluster SmartCommunities<\/p>\n<p style=\"text-align: center;\">17:15 \u2013 Chiusura lavori<\/p>\n<h3 style=\"text-align: center;\"><\/h3>\n<\/div><\/div><\/div><\/div><\/div>\n","protected":false},"excerpt":{"rendered":"","protected":false},"author":6,"featured_media":0,"parent":0,"menu_order":0,"comment_status":"closed","ping_status":"closed","template":"","meta":{"_acf_changed":false,"footnotes":""},"class_list":["post-13035","page","type-page","status-publish","hentry"],"acf":[],"yoast_head":"<!-- This site is optimized with the Yoast SEO plugin v27.6 - https:\/\/yoast.com\/product\/yoast-seo-wordpress\/ -->\n<title>Agenda 2021 - SmartCommunitiesTech<\/title>\n<meta name=\"robots\" content=\"index, follow, max-snippet:-1, max-image-preview:large, max-video-preview:-1\" \/>\n<link rel=\"canonical\" href=\"https:\/\/www.smartcommunitiestech.it\/en\/agenda-2021\/\" \/>\n<meta property=\"og:locale\" content=\"en_US\" \/>\n<meta property=\"og:type\" content=\"article\" \/>\n<meta property=\"og:title\" content=\"Agenda 2021 - SmartCommunitiesTech\" \/>\n<meta property=\"og:url\" content=\"https:\/\/www.smartcommunitiestech.it\/en\/agenda-2021\/\" \/>\n<meta property=\"og:site_name\" content=\"SmartCommunitiesTech\" \/>\n<meta property=\"article:modified_time\" content=\"2022-07-20T15:33:22+00:00\" \/>\n<meta name=\"twitter:card\" content=\"summary_large_image\" \/>\n<meta name=\"twitter:site\" content=\"@cluster_smart\" \/>\n<meta name=\"twitter:label1\" content=\"Est. reading time\" \/>\n\t<meta name=\"twitter:data1\" content=\"4 minutes\" \/>\n<script type=\"application\/ld+json\" class=\"yoast-schema-graph\">{\"@context\":\"https:\\\/\\\/schema.org\",\"@graph\":[{\"@type\":\"WebPage\",\"@id\":\"https:\\\/\\\/www.smartcommunitiestech.it\\\/en\\\/agenda-2021\\\/\",\"url\":\"https:\\\/\\\/www.smartcommunitiestech.it\\\/en\\\/agenda-2021\\\/\",\"name\":\"Agenda 2021 - SmartCommunitiesTech\",\"isPartOf\":{\"@id\":\"https:\\\/\\\/www.smartcommunitiestech.it\\\/#website\"},\"datePublished\":\"2021-03-10T09:22:22+00:00\",\"dateModified\":\"2022-07-20T15:33:22+00:00\",\"breadcrumb\":{\"@id\":\"https:\\\/\\\/www.smartcommunitiestech.it\\\/en\\\/agenda-2021\\\/#breadcrumb\"},\"inLanguage\":\"en-US\",\"potentialAction\":[{\"@type\":\"ReadAction\",\"target\":[\"https:\\\/\\\/www.smartcommunitiestech.it\\\/en\\\/agenda-2021\\\/\"]}]},{\"@type\":\"BreadcrumbList\",\"@id\":\"https:\\\/\\\/www.smartcommunitiestech.it\\\/en\\\/agenda-2021\\\/#breadcrumb\",\"itemListElement\":[{\"@type\":\"ListItem\",\"position\":1,\"name\":\"Home\",\"item\":\"https:\\\/\\\/www.smartcommunitiestech.it\\\/en\\\/\"},{\"@type\":\"ListItem\",\"position\":2,\"name\":\"Agenda 2021\"}]},{\"@type\":\"WebSite\",\"@id\":\"https:\\\/\\\/www.smartcommunitiestech.it\\\/#website\",\"url\":\"https:\\\/\\\/www.smartcommunitiestech.it\\\/\",\"name\":\"SmartCommunitiesTech\",\"description\":\"Italian Technology Cluster for Smart Communities\",\"publisher\":{\"@id\":\"https:\\\/\\\/www.smartcommunitiestech.it\\\/#organization\"},\"potentialAction\":[{\"@type\":\"SearchAction\",\"target\":{\"@type\":\"EntryPoint\",\"urlTemplate\":\"https:\\\/\\\/www.smartcommunitiestech.it\\\/?s={search_term_string}\"},\"query-input\":{\"@type\":\"PropertyValueSpecification\",\"valueRequired\":true,\"valueName\":\"search_term_string\"}}],\"inLanguage\":\"en-US\"},{\"@type\":\"Organization\",\"@id\":\"https:\\\/\\\/www.smartcommunitiestech.it\\\/#organization\",\"name\":\"Smart Communities Tech\",\"url\":\"https:\\\/\\\/www.smartcommunitiestech.it\\\/\",\"logo\":{\"@type\":\"ImageObject\",\"inLanguage\":\"en-US\",\"@id\":\"https:\\\/\\\/www.smartcommunitiestech.it\\\/#\\\/schema\\\/logo\\\/image\\\/\",\"url\":\"https:\\\/\\\/www.smartcommunitiestech.it\\\/wp-content\\\/uploads\\\/2022\\\/05\\\/logoSCT.svg\",\"contentUrl\":\"https:\\\/\\\/www.smartcommunitiestech.it\\\/wp-content\\\/uploads\\\/2022\\\/05\\\/logoSCT.svg\",\"width\":308,\"height\":94,\"caption\":\"Smart Communities Tech\"},\"image\":{\"@id\":\"https:\\\/\\\/www.smartcommunitiestech.it\\\/#\\\/schema\\\/logo\\\/image\\\/\"},\"sameAs\":[\"https:\\\/\\\/x.com\\\/cluster_smart\"]}]}<\/script>\n<!-- \/ Yoast SEO plugin. -->","yoast_head_json":{"title":"Agenda 2021 - SmartCommunitiesTech","robots":{"index":"index","follow":"follow","max-snippet":"max-snippet:-1","max-image-preview":"max-image-preview:large","max-video-preview":"max-video-preview:-1"},"canonical":"https:\/\/www.smartcommunitiestech.it\/en\/agenda-2021\/","og_locale":"en_US","og_type":"article","og_title":"Agenda 2021 - SmartCommunitiesTech","og_url":"https:\/\/www.smartcommunitiestech.it\/en\/agenda-2021\/","og_site_name":"SmartCommunitiesTech","article_modified_time":"2022-07-20T15:33:22+00:00","twitter_card":"summary_large_image","twitter_site":"@cluster_smart","twitter_misc":{"Est. reading time":"4 minutes"},"schema":{"@context":"https:\/\/schema.org","@graph":[{"@type":"WebPage","@id":"https:\/\/www.smartcommunitiestech.it\/en\/agenda-2021\/","url":"https:\/\/www.smartcommunitiestech.it\/en\/agenda-2021\/","name":"Agenda 2021 - SmartCommunitiesTech","isPartOf":{"@id":"https:\/\/www.smartcommunitiestech.it\/#website"},"datePublished":"2021-03-10T09:22:22+00:00","dateModified":"2022-07-20T15:33:22+00:00","breadcrumb":{"@id":"https:\/\/www.smartcommunitiestech.it\/en\/agenda-2021\/#breadcrumb"},"inLanguage":"en-US","potentialAction":[{"@type":"ReadAction","target":["https:\/\/www.smartcommunitiestech.it\/en\/agenda-2021\/"]}]},{"@type":"BreadcrumbList","@id":"https:\/\/www.smartcommunitiestech.it\/en\/agenda-2021\/#breadcrumb","itemListElement":[{"@type":"ListItem","position":1,"name":"Home","item":"https:\/\/www.smartcommunitiestech.it\/en\/"},{"@type":"ListItem","position":2,"name":"Agenda 2021"}]},{"@type":"WebSite","@id":"https:\/\/www.smartcommunitiestech.it\/#website","url":"https:\/\/www.smartcommunitiestech.it\/","name":"SmartCommunitiesTech","description":"Italian Technology Cluster for Smart Communities","publisher":{"@id":"https:\/\/www.smartcommunitiestech.it\/#organization"},"potentialAction":[{"@type":"SearchAction","target":{"@type":"EntryPoint","urlTemplate":"https:\/\/www.smartcommunitiestech.it\/?s={search_term_string}"},"query-input":{"@type":"PropertyValueSpecification","valueRequired":true,"valueName":"search_term_string"}}],"inLanguage":"en-US"},{"@type":"Organization","@id":"https:\/\/www.smartcommunitiestech.it\/#organization","name":"Smart Communities Tech","url":"https:\/\/www.smartcommunitiestech.it\/","logo":{"@type":"ImageObject","inLanguage":"en-US","@id":"https:\/\/www.smartcommunitiestech.it\/#\/schema\/logo\/image\/","url":"https:\/\/www.smartcommunitiestech.it\/wp-content\/uploads\/2022\/05\/logoSCT.svg","contentUrl":"https:\/\/www.smartcommunitiestech.it\/wp-content\/uploads\/2022\/05\/logoSCT.svg","width":308,"height":94,"caption":"Smart Communities Tech"},"image":{"@id":"https:\/\/www.smartcommunitiestech.it\/#\/schema\/logo\/image\/"},"sameAs":["https:\/\/x.com\/cluster_smart"]}]}},"_links":{"self":[{"href":"https:\/\/www.smartcommunitiestech.it\/en\/wp-json\/wp\/v2\/pages\/13035","targetHints":{"allow":["GET"]}}],"collection":[{"href":"https:\/\/www.smartcommunitiestech.it\/en\/wp-json\/wp\/v2\/pages"}],"about":[{"href":"https:\/\/www.smartcommunitiestech.it\/en\/wp-json\/wp\/v2\/types\/page"}],"author":[{"embeddable":true,"href":"https:\/\/www.smartcommunitiestech.it\/en\/wp-json\/wp\/v2\/users\/6"}],"replies":[{"embeddable":true,"href":"https:\/\/www.smartcommunitiestech.it\/en\/wp-json\/wp\/v2\/comments?post=13035"}],"version-history":[{"count":0,"href":"https:\/\/www.smartcommunitiestech.it\/en\/wp-json\/wp\/v2\/pages\/13035\/revisions"}],"wp:attachment":[{"href":"https:\/\/www.smartcommunitiestech.it\/en\/wp-json\/wp\/v2\/media?parent=13035"}],"curies":[{"name":"wp","href":"https:\/\/api.w.org\/{rel}","templated":true}]}}